{"id":15208,"date":"2023-01-17T12:44:22","date_gmt":"2023-01-17T12:44:22","guid":{"rendered":"http:\/\/localhost\/familaw\/?page_id=15208"},"modified":"2024-04-24T10:27:13","modified_gmt":"2024-04-24T10:27:13","slug":"om-meg","status":"publish","type":"page","link":"https:\/\/advjohnsen.no\/index.php\/om-meg\/","title":{"rendered":"Om meg"},"content":{"rendered":"\t\t<div data-elementor-type=\"wp-page\" data-elementor-id=\"15208\" class=\"elementor elementor-15208\">\n\t\t\t\t\t\t<section class=\"elementor-section elementor-top-section elementor-element elementor-element-8bb9529 elementor-section-boxed elementor-section-height-default elementor-section-height-default\" data-id=\"8bb9529\" data-element_type=\"section\" data-settings=\"{&quot;background_background&quot;:&quot;classic&quot;}\">\n\t\t\t\t\t\t<div class=\"elementor-container elementor-column-gap-extended\">\n\t\t\t\t\t<div class=\"elementor-column elementor-col-100 elementor-top-column elementor-element elementor-element-f2d07b5\" data-id=\"f2d07b5\" data-element_type=\"column\">\n\t\t\t<div class=\"elementor-widget-wrap elementor-element-populated\">\n\t\t\t\t\t\t<section class=\"elementor-section elementor-inner-section elementor-element elementor-element-0b728c6 elementor-section-full_width elementor-section-content-middle elementor-section-height-default elementor-section-height-default\" data-id=\"0b728c6\" data-element_type=\"section\">\n\t\t\t\t\t\t<div class=\"elementor-container elementor-column-gap-no\">\n\t\t\t\t\t<div class=\"elementor-column elementor-col-50 elementor-inner-column elementor-element elementor-element-09d951f\" data-id=\"09d951f\" data-element_type=\"column\">\n\t\t\t<div class=\"elementor-widget-wrap elementor-element-populated\">\n\t\t\t\t\t\t<div class=\"elementor-element elementor-element-04c7259 elementor-widget elementor-widget-spacer\" data-id=\"04c7259\" data-element_type=\"widget\" data-widget_type=\"spacer.default\">\n\t\t\t\t<div class=\"elementor-widget-container\">\n\t\t\t<style>\/*! elementor - v3.23.0 - 05-08-2024 *\/\n.elementor-column .elementor-spacer-inner{height:var(--spacer-size)}.e-con{--container-widget-width:100%}.e-con-inner>.elementor-widget-spacer,.e-con>.elementor-widget-spacer{width:var(--container-widget-width,var(--spacer-size));--align-self:var(--container-widget-align-self,initial);--flex-shrink:0}.e-con-inner>.elementor-widget-spacer>.elementor-widget-container,.e-con>.elementor-widget-spacer>.elementor-widget-container{height:100%;width:100%}.e-con-inner>.elementor-widget-spacer>.elementor-widget-container>.elementor-spacer,.e-con>.elementor-widget-spacer>.elementor-widget-container>.elementor-spacer{height:100%}.e-con-inner>.elementor-widget-spacer>.elementor-widget-container>.elementor-spacer>.elementor-spacer-inner,.e-con>.elementor-widget-spacer>.elementor-widget-container>.elementor-spacer>.elementor-spacer-inner{height:var(--container-widget-height,var(--spacer-size))}.e-con-inner>.elementor-widget-spacer.elementor-widget-empty,.e-con>.elementor-widget-spacer.elementor-widget-empty{position:relative;min-height:22px;min-width:22px}.e-con-inner>.elementor-widget-spacer.elementor-widget-empty .elementor-widget-empty-icon,.e-con>.elementor-widget-spacer.elementor-widget-empty .elementor-widget-empty-icon{position:absolute;top:0;bottom:0;left:0;right:0;margin:auto;padding:0;width:22px;height:22px}<\/style>\t\t<div class=\"elementor-spacer\">\n\t\t\t<div class=\"elementor-spacer-inner\"><\/div>\n\t\t<\/div>\n\t\t\t\t<\/div>\n\t\t\t\t<\/div>\n\t\t\t\t<div class=\"elementor-element elementor-element-ce6ae9b elementor-widget elementor-widget-spacer\" data-id=\"ce6ae9b\" data-element_type=\"widget\" data-widget_type=\"spacer.default\">\n\t\t\t\t<div class=\"elementor-widget-container\">\n\t\t\t\t\t<div class=\"elementor-spacer\">\n\t\t\t<div class=\"elementor-spacer-inner\"><\/div>\n\t\t<\/div>\n\t\t\t\t<\/div>\n\t\t\t\t<\/div>\n\t\t\t\t<div class=\"elementor-element elementor-element-f56bc04 align-left divider-middle elementor-widget elementor-widget-familaw-titles\" data-id=\"f56bc04\" data-element_type=\"widget\" data-widget_type=\"familaw-titles.default\">\n\t\t\t\t<div class=\"elementor-widget-container\">\n\t\t\t\n\t\t<div class=\"familaw-titles \">\n\t        <h2 class=\"main-title\">Om meg <\/h2>\n    \t<div class=\"divider simple\">\n\t    \t    \t<\/div>\n        <div class=\"sub-title\"><p>Advokat Jens Eirik Johnsen har sitt kontor i Folkets Hus p\u00e5 Hamar. Han har v\u00e6rt privatpraktiserende advokat siden 2009.<\/p><p>Han ble uteksaminert som jurist i 1996, og mottok advokatbevillingen i 2003. Han har barnerett som spesialfag.<\/p><p>Han har bred erfaring fra offentlige etater og privat virksomhet. Han har blant annet fartstid innen ledelse, styreverv og representasjon for arbeidstakerorganisasjoner, medlemskap i EASA-komiteen (EU) m.m.<\/p><\/div>\t\t    <\/div>\n\t    \t\t<\/div>\n\t\t\t\t<\/div>\n\t\t\t\t<div class=\"elementor-element elementor-element-1f0e06f elementor-widget elementor-widget-spacer\" data-id=\"1f0e06f\" data-element_type=\"widget\" data-widget_type=\"spacer.default\">\n\t\t\t\t<div class=\"elementor-widget-container\">\n\t\t\t\t\t<div class=\"elementor-spacer\">\n\t\t\t<div class=\"elementor-spacer-inner\"><\/div>\n\t\t<\/div>\n\t\t\t\t<\/div>\n\t\t\t\t<\/div>\n\t\t\t\t\t<\/div>\n\t\t<\/div>\n\t\t\t\t<div class=\"elementor-column elementor-col-50 elementor-inner-column elementor-element elementor-element-d3740f6\" data-id=\"d3740f6\" data-element_type=\"column\">\n\t\t\t<div class=\"elementor-widget-wrap elementor-element-populated\">\n\t\t\t\t\t\t<div class=\"elementor-element elementor-element-f7eb8c9 elementor-widget elementor-widget-familaw-fancy-image\" data-id=\"f7eb8c9\" data-element_type=\"widget\" data-widget_type=\"familaw-fancy-image.default\">\n\t\t\t\t<div class=\"elementor-widget-container\">\n\t\t\t\n\t\t<div class=\"familaw-fancy-image reveal lr\" data-in-viewport=\"true\">\n            \n            \n\t\t\t\n\t\t\t<div class=\"image-wrap\">\n\t\t\t\t<img decoding=\"async\" src=\"http:\/\/advjohnsen.no\/wp-content\/uploads\/2023\/08\/Screenshot-2023-08-22-at-12-52-26-_d1a5608.webp-WEBP-bilde-1412-\u00d7-1920-piksler-Skalert-47-.png\" alt=\"Image\">\t\t\t<\/div>\n\t    <\/div>\n\t\t\t\t<\/div>\n\t\t\t\t<\/div>\n\t\t\t\t\t<\/div>\n\t\t<\/div>\n\t\t\t\t\t<\/div>\n\t\t<\/section>\n\t\t\t\t<div class=\"elementor-element elementor-element-d2db7a8 elementor-widget elementor-widget-spacer\" data-id=\"d2db7a8\" data-element_type=\"widget\" data-widget_type=\"spacer.default\">\n\t\t\t\t<div class=\"elementor-widget-container\">\n\t\t\t\t\t<div class=\"elementor-spacer\">\n\t\t\t<div class=\"elementor-spacer-inner\"><\/div>\n\t\t<\/div>\n\t\t\t\t<\/div>\n\t\t\t\t<\/div>\n\t\t\t\t<div class=\"elementor-element elementor-element-d74ef14 elementor-widget elementor-widget-image\" data-id=\"d74ef14\" data-element_type=\"widget\" data-widget_type=\"image.default\">\n\t\t\t\t<div class=\"elementor-widget-container\">\n\t\t\t<style>\/*! elementor - v3.23.0 - 05-08-2024 *\/\n.elementor-widget-image{text-align:center}.elementor-widget-image a{display:inline-block}.elementor-widget-image a img[src$=\".svg\"]{width:48px}.elementor-widget-image img{vertical-align:middle;display:inline-block}<\/style>\t\t\t\t\t\t\t\t\t\t<img fetchpriority=\"high\" decoding=\"async\" width=\"2500\" height=\"1598\" src=\"https:\/\/advjohnsen.no\/wp-content\/uploads\/2024\/04\/d1a5620.jpg\" class=\"attachment-full size-full wp-image-20207\" alt=\"\" srcset=\"https:\/\/advjohnsen.no\/wp-content\/uploads\/2024\/04\/d1a5620.jpg 2500w, https:\/\/advjohnsen.no\/wp-content\/uploads\/2024\/04\/d1a5620-300x192.jpg 300w, https:\/\/advjohnsen.no\/wp-content\/uploads\/2024\/04\/d1a5620-1024x655.jpg 1024w, https:\/\/advjohnsen.no\/wp-content\/uploads\/2024\/04\/d1a5620-768x491.jpg 768w, https:\/\/advjohnsen.no\/wp-content\/uploads\/2024\/04\/d1a5620-1536x982.jpg 1536w, https:\/\/advjohnsen.no\/wp-content\/uploads\/2024\/04\/d1a5620-2048x1309.jpg 2048w, https:\/\/advjohnsen.no\/wp-content\/uploads\/2024\/04\/d1a5620-800x511.jpg 800w\" sizes=\"(max-width: 2500px) 100vw, 2500px\" \/>\t\t\t\t\t\t\t\t\t\t\t\t\t<\/div>\n\t\t\t\t<\/div>\n\t\t\t\t<div class=\"elementor-element elementor-element-c8eb5ee elementor-widget elementor-widget-spacer\" data-id=\"c8eb5ee\" data-element_type=\"widget\" data-widget_type=\"spacer.default\">\n\t\t\t\t<div class=\"elementor-widget-container\">\n\t\t\t\t\t<div class=\"elementor-spacer\">\n\t\t\t<div class=\"elementor-spacer-inner\"><\/div>\n\t\t<\/div>\n\t\t\t\t<\/div>\n\t\t\t\t<\/div>\n\t\t\t\t<div class=\"elementor-element elementor-element-04d14c2 elementor-widget elementor-widget-text-editor\" data-id=\"04d14c2\" data-element_type=\"widget\" data-widget_type=\"text-editor.default\">\n\t\t\t\t<div class=\"elementor-widget-container\">\n\t\t\t<style>\/*! elementor - v3.23.0 - 05-08-2024 *\/\n.elementor-widget-text-editor.elementor-drop-cap-view-stacked .elementor-drop-cap{background-color:#69727d;color:#fff}.elementor-widget-text-editor.elementor-drop-cap-view-framed .elementor-drop-cap{color:#69727d;border:3px solid;background-color:transparent}.elementor-widget-text-editor:not(.elementor-drop-cap-view-default) .elementor-drop-cap{margin-top:8px}.elementor-widget-text-editor:not(.elementor-drop-cap-view-default) .elementor-drop-cap-letter{width:1em;height:1em}.elementor-widget-text-editor .elementor-drop-cap{float:left;text-align:center;line-height:1;font-size:50px}.elementor-widget-text-editor .elementor-drop-cap-letter{display:inline-block}<\/style>\t\t\t\t<div class=\"cw cf\"><div class=\"cw-c cf\"><div class=\"c cf\"><div class=\"c-c cf\"><div class=\"b b-text cf\"><div class=\"b-c b-text-c b-s b-s-t60 b-s-b60 b-cs cf\"><p>Innen advokat Johnsen startet advokatvirksomheten var han juridisk direkt\u00f8r i Luftfartstilsynet, noe som blant annet innebar fullt ansvar for om lag 20 jurister. Til stillingen h\u00f8rte ogs\u00e5 en stedfortrederfunksjon for luftfartsdirekt\u00f8ren.<\/p><p>I om lag fem \u00e5rs tid var han advokat og juridisk r\u00e5dgiver i et regionalt helseforetak. Der bistod han helsepersonell innenfor psykiatri og somatikk, og hadde ogs\u00e5 mengder av arbeidsrettslige saker. Dertil bistod han konsernledelsen med alt fra vedtekter til mer kompliserte problemstillinger knyttet til helseforetaksloven \/ aksjeloven. Han gjennomf\u00f8rte og kvalitetssikret betydelige anskaffelser og kontrakter &#8211; fra a til \u00e5. Derigjennom hadde han en god del saker for KOFA (klagenemnda for offentlige anskaffelser).<\/p><p>Advokat Johnsen har ogs\u00e5 v\u00e6rt mellomleder i fylkeskommunen, i forbrukerr\u00e5det og i en statlig innkrevingssentral.<\/p><\/div><\/div><\/div><\/div><\/div><\/div><div class=\"b b-s b-hr-line line-auto\"><hr class=\"line-style line-color\" \/><\/div>\t\t\t\t\t\t<\/div>\n\t\t\t\t<\/div>\n\t\t\t\t<div class=\"elementor-element elementor-element-eac9bac elementor-widget elementor-widget-spacer\" data-id=\"eac9bac\" data-element_type=\"widget\" data-widget_type=\"spacer.default\">\n\t\t\t\t<div class=\"elementor-widget-container\">\n\t\t\t\t\t<div class=\"elementor-spacer\">\n\t\t\t<div class=\"elementor-spacer-inner\"><\/div>\n\t\t<\/div>\n\t\t\t\t<\/div>\n\t\t\t\t<\/div>\n\t\t\t\t\t<\/div>\n\t\t<\/div>\n\t\t\t\t\t<\/div>\n\t\t<\/section>\n\t\t\t\t<section class=\"elementor-section elementor-top-section elementor-element elementor-element-2002740 elementor-section-boxed elementor-section-height-default elementor-section-height-default\" data-id=\"2002740\" data-element_type=\"section\" data-settings=\"{&quot;background_background&quot;:&quot;classic&quot;}\">\n\t\t\t\t\t\t<div class=\"elementor-container elementor-column-gap-extended\">\n\t\t\t\t\t<div class=\"elementor-column elementor-col-100 elementor-top-column elementor-element elementor-element-31a2a75\" data-id=\"31a2a75\" data-element_type=\"column\">\n\t\t\t<div class=\"elementor-widget-wrap elementor-element-populated\">\n\t\t\t\t\t\t<div class=\"elementor-element elementor-element-5646d8d align-center elementor-widget elementor-widget-familaw-button\" data-id=\"5646d8d\" data-element_type=\"widget\" data-widget_type=\"familaw-button.default\">\n\t\t\t\t<div class=\"elementor-widget-container\">\n\t\t\t\n        <a class=\"familaw-button button-1\" href=\"#\" >\n                        <span class=\"text\">Se fagomr\u00e5der<\/span>\n                        \n                    <\/a>\n        \t\t<\/div>\n\t\t\t\t<\/div>\n\t\t\t\t<div class=\"elementor-element elementor-element-8c196b9 elementor-widget elementor-widget-spacer\" data-id=\"8c196b9\" data-element_type=\"widget\" data-widget_type=\"spacer.default\">\n\t\t\t\t<div class=\"elementor-widget-container\">\n\t\t\t\t\t<div class=\"elementor-spacer\">\n\t\t\t<div class=\"elementor-spacer-inner\"><\/div>\n\t\t<\/div>\n\t\t\t\t<\/div>\n\t\t\t\t<\/div>\n\t\t\t\t\t<\/div>\n\t\t<\/div>\n\t\t\t\t\t<\/div>\n\t\t<\/section>\n\t\t\t\t<\/div>\n\t\t","protected":false},"excerpt":{"rendered":"<p>Om meg Advokat Jens Eirik Johnsen har sitt kontor i Folkets Hus p\u00e5 Hamar. Han har v\u00e6rt privatpraktiserende advokat siden 2009. Han ble uteksaminert som jurist i 1996, og mottok advokatbevillingen i 2003. Han har barnerett som spesialfag. Han har bred erfaring fra offentlige etater og privat virksomhet. Han har blant annet fartstid innen ledelse,<\/p>\n","protected":false},"author":1,"featured_media":0,"parent":0,"menu_order":0,"comment_status":"closed","ping_status":"closed","template":"elementor_header_footer","meta":{"footnotes":""},"class_list":["post-15208","page","type-page","status-publish","hentry"],"_links":{"self":[{"href":"https:\/\/advjohnsen.no\/index.php\/wp-json\/wp\/v2\/pages\/15208","targetHints":{"allow":["GET"]}}],"collection":[{"href":"https:\/\/advjohnsen.no\/index.php\/wp-json\/wp\/v2\/pages"}],"about":[{"href":"https:\/\/advjohnsen.no\/index.php\/wp-json\/wp\/v2\/types\/page"}],"author":[{"embeddable":true,"href":"https:\/\/advjohnsen.no\/index.php\/wp-json\/wp\/v2\/users\/1"}],"replies":[{"embeddable":true,"href":"https:\/\/advjohnsen.no\/index.php\/wp-json\/wp\/v2\/comments?post=15208"}],"version-history":[{"count":22,"href":"https:\/\/advjohnsen.no\/index.php\/wp-json\/wp\/v2\/pages\/15208\/revisions"}],"predecessor-version":[{"id":20214,"href":"https:\/\/advjohnsen.no\/index.php\/wp-json\/wp\/v2\/pages\/15208\/revisions\/20214"}],"wp:attachment":[{"href":"https:\/\/advjohnsen.no\/index.php\/wp-json\/wp\/v2\/media?parent=15208"}],"curies":[{"name":"wp","href":"https:\/\/api.w.org\/{rel}","templated":true}]}}