{"id":17796,"date":"2023-02-15T03:11:59","date_gmt":"2023-02-15T03:11:59","guid":{"rendered":"https:\/\/themes247.net\/familaw\/?page_id=17796"},"modified":"2024-04-24T10:29:33","modified_gmt":"2024-04-24T10:29:33","slug":"pricing-table","status":"publish","type":"page","link":"https:\/\/advjohnsen.no\/index.php\/pricing-table\/","title":{"rendered":"Priser"},"content":{"rendered":"\t\t<div data-elementor-type=\"wp-page\" data-elementor-id=\"17796\" class=\"elementor elementor-17796\">\n\t\t\t\t\t\t<section class=\"elementor-section elementor-top-section elementor-element elementor-element-1f90c43 elementor-section-boxed elementor-section-height-default elementor-section-height-default\" data-id=\"1f90c43\" data-element_type=\"section\">\n\t\t\t\t\t\t<div class=\"elementor-container elementor-column-gap-default\">\n\t\t\t\t\t<div class=\"elementor-column elementor-col-100 elementor-top-column elementor-element elementor-element-745e211\" data-id=\"745e211\" data-element_type=\"column\">\n\t\t\t<div class=\"elementor-widget-wrap elementor-element-populated\">\n\t\t\t\t\t\t<div class=\"elementor-element elementor-element-ebca6b4 elementor-widget elementor-widget-spacer\" data-id=\"ebca6b4\" data-element_type=\"widget\" data-widget_type=\"spacer.default\">\n\t\t\t\t<div class=\"elementor-widget-container\">\n\t\t\t<style>\/*! elementor - v3.23.0 - 05-08-2024 *\/\n.elementor-column .elementor-spacer-inner{height:var(--spacer-size)}.e-con{--container-widget-width:100%}.e-con-inner>.elementor-widget-spacer,.e-con>.elementor-widget-spacer{width:var(--container-widget-width,var(--spacer-size));--align-self:var(--container-widget-align-self,initial);--flex-shrink:0}.e-con-inner>.elementor-widget-spacer>.elementor-widget-container,.e-con>.elementor-widget-spacer>.elementor-widget-container{height:100%;width:100%}.e-con-inner>.elementor-widget-spacer>.elementor-widget-container>.elementor-spacer,.e-con>.elementor-widget-spacer>.elementor-widget-container>.elementor-spacer{height:100%}.e-con-inner>.elementor-widget-spacer>.elementor-widget-container>.elementor-spacer>.elementor-spacer-inner,.e-con>.elementor-widget-spacer>.elementor-widget-container>.elementor-spacer>.elementor-spacer-inner{height:var(--container-widget-height,var(--spacer-size))}.e-con-inner>.elementor-widget-spacer.elementor-widget-empty,.e-con>.elementor-widget-spacer.elementor-widget-empty{position:relative;min-height:22px;min-width:22px}.e-con-inner>.elementor-widget-spacer.elementor-widget-empty .elementor-widget-empty-icon,.e-con>.elementor-widget-spacer.elementor-widget-empty .elementor-widget-empty-icon{position:absolute;top:0;bottom:0;left:0;right:0;margin:auto;padding:0;width:22px;height:22px}<\/style>\t\t<div class=\"elementor-spacer\">\n\t\t\t<div class=\"elementor-spacer-inner\"><\/div>\n\t\t<\/div>\n\t\t\t\t<\/div>\n\t\t\t\t<\/div>\n\t\t\t\t<div class=\"elementor-element elementor-element-2f5cd58 elementor-widget elementor-widget-text-editor\" data-id=\"2f5cd58\" data-element_type=\"widget\" data-widget_type=\"text-editor.default\">\n\t\t\t\t<div class=\"elementor-widget-container\">\n\t\t\t<style>\/*! elementor - v3.23.0 - 05-08-2024 *\/\n.elementor-widget-text-editor.elementor-drop-cap-view-stacked .elementor-drop-cap{background-color:#69727d;color:#fff}.elementor-widget-text-editor.elementor-drop-cap-view-framed .elementor-drop-cap{color:#69727d;border:3px solid;background-color:transparent}.elementor-widget-text-editor:not(.elementor-drop-cap-view-default) .elementor-drop-cap{margin-top:8px}.elementor-widget-text-editor:not(.elementor-drop-cap-view-default) .elementor-drop-cap-letter{width:1em;height:1em}.elementor-widget-text-editor .elementor-drop-cap{float:left;text-align:center;line-height:1;font-size:50px}.elementor-widget-text-editor .elementor-drop-cap-letter{display:inline-block}<\/style>\t\t\t\t<p><em><strong>Min alminnelige timepris vil v\u00e6re mellom 1 500 og 2 500 kroner.<\/strong><\/em><\/p>\t\t\t\t\t\t<\/div>\n\t\t\t\t<\/div>\n\t\t\t\t<div class=\"elementor-element elementor-element-4fe5e4d elementor-widget elementor-widget-text-editor\" data-id=\"4fe5e4d\" data-element_type=\"widget\" data-widget_type=\"text-editor.default\">\n\t\t\t\t<div class=\"elementor-widget-container\">\n\t\t\t\t\t\t\t<div class=\"b b-text cf\"><div class=\"b-c b-text-c b-s b-s-t60 b-s-b60 b-cs cf\"><p><em><strong>\u00a0<\/strong><\/em><\/p><p>Klienter med anstrengt \u00f8konomi vil normalt ha en timepris i det nedre skiktet. Det samme kan gjelde barnefordelingssaker og NAV-saker.<\/p><p>N\u00e6ringsdrivendes saker, forsikringssaker, eiendomssaker og mer kompliserte saker vil kunne inneb\u00e6re en timepris i det \u00f8vre skiktet. Her hensyntas den konkrete forsikringsdekningen (advokatforsikring), og ogs\u00e5 at n\u00e6ringsdrivende i alminnelighet har skattefradrag &#8211; og fradrag for merverdiavgift krone for krone.<\/p><p>For oppretting av testamenter og fremtidsfullmakter beregnes honorar etter medg\u00e5tt tid, dog minimum 5 000 kroner.<\/p><p>For opprettelse av samboeravtaler beregnes honorar etter medg\u00e5tt tid, dog minimum 5 000 kroner.<\/p><p>I tillegg til alle oppgitte priser kommer 25 % merverdiavgift.<\/p><p>For fri rettshjelp legges den offentlige sal\u00e6rsatsen til grunn. Ved fri rettshjelp (fritt rettsr\u00e5d eller fri sakf\u00f8rsel) m\u00e5 man p\u00e5regne en betaling av egenandel.<\/p><p>Ved rettshjelpsforsikring (der forsikringsselskapet dekker advokatutgiftene) dekker forsikringsselskapet normalt inntil 100 000 kroner, mot en egenandel p\u00e5 4 000 kroner. Dertil er det vanligvis en egenandel p\u00e5 20 % av det som overstiger 4 000 kroner. Dekningen og egenandelen m\u00e5 unders\u00f8kes i hvert enkelt tilfelle. Advokatbistand utover 100 000 kroner m\u00e5 normalt klienten dekke selv.<\/p><p>Dersom man vinner frem i retten, overfor forvaltningen o.l. er hovedregelen at man f\u00e5r dekket advokatutgiftene av motparten (eller forvaltningen).<\/p><\/div><\/div>\t\t\t\t\t\t<\/div>\n\t\t\t\t<\/div>\n\t\t\t\t\t<\/div>\n\t\t<\/div>\n\t\t\t\t\t<\/div>\n\t\t<\/section>\n\t\t\t\t<section class=\"elementor-section elementor-top-section elementor-element elementor-element-bf5e377 elementor-section-boxed elementor-section-height-default elementor-section-height-default\" data-id=\"bf5e377\" data-element_type=\"section\">\n\t\t\t\t\t\t<div class=\"elementor-container elementor-column-gap-default\">\n\t\t\t\t\t<div class=\"elementor-column elementor-col-100 elementor-top-column elementor-element elementor-element-f6c8211\" data-id=\"f6c8211\" data-element_type=\"column\">\n\t\t\t<div class=\"elementor-widget-wrap elementor-element-populated\">\n\t\t\t\t\t\t<div class=\"elementor-element elementor-element-f0e0bbd elementor-widget elementor-widget-spacer\" data-id=\"f0e0bbd\" data-element_type=\"widget\" data-widget_type=\"spacer.default\">\n\t\t\t\t<div class=\"elementor-widget-container\">\n\t\t\t\t\t<div class=\"elementor-spacer\">\n\t\t\t<div class=\"elementor-spacer-inner\"><\/div>\n\t\t<\/div>\n\t\t\t\t<\/div>\n\t\t\t\t<\/div>\n\t\t\t\t\t<\/div>\n\t\t<\/div>\n\t\t\t\t\t<\/div>\n\t\t<\/section>\n\t\t\t\t<\/div>\n\t\t","protected":false},"excerpt":{"rendered":"<p>Min alminnelige timepris vil v\u00e6re mellom 1 500 og 2 500 kroner. \u00a0 Klienter med anstrengt \u00f8konomi vil normalt ha en timepris i det nedre skiktet. Det samme kan gjelde barnefordelingssaker og NAV-saker. N\u00e6ringsdrivendes saker, forsikringssaker, eiendomssaker og mer kompliserte saker vil kunne inneb\u00e6re en timepris i det \u00f8vre skiktet. Her hensyntas den konkrete forsikringsdekningen<\/p>\n","protected":false},"author":1,"featured_media":0,"parent":0,"menu_order":0,"comment_status":"closed","ping_status":"closed","template":"elementor_header_footer","meta":{"footnotes":""},"class_list":["post-17796","page","type-page","status-publish","hentry"],"_links":{"self":[{"href":"https:\/\/advjohnsen.no\/index.php\/wp-json\/wp\/v2\/pages\/17796","targetHints":{"allow":["GET"]}}],"collection":[{"href":"https:\/\/advjohnsen.no\/index.php\/wp-json\/wp\/v2\/pages"}],"about":[{"href":"https:\/\/advjohnsen.no\/index.php\/wp-json\/wp\/v2\/types\/page"}],"author":[{"embeddable":true,"href":"https:\/\/advjohnsen.no\/index.php\/wp-json\/wp\/v2\/users\/1"}],"replies":[{"embeddable":true,"href":"https:\/\/advjohnsen.no\/index.php\/wp-json\/wp\/v2\/comments?post=17796"}],"version-history":[{"count":21,"href":"https:\/\/advjohnsen.no\/index.php\/wp-json\/wp\/v2\/pages\/17796\/revisions"}],"predecessor-version":[{"id":20220,"href":"https:\/\/advjohnsen.no\/index.php\/wp-json\/wp\/v2\/pages\/17796\/revisions\/20220"}],"wp:attachment":[{"href":"https:\/\/advjohnsen.no\/index.php\/wp-json\/wp\/v2\/media?parent=17796"}],"curies":[{"name":"wp","href":"https:\/\/api.w.org\/{rel}","templated":true}]}}