{"id":19992,"date":"2024-02-29T12:15:44","date_gmt":"2024-02-29T12:15:44","guid":{"rendered":"https:\/\/advjohnsen.no\/?page_id=19992"},"modified":"2024-02-29T12:32:30","modified_gmt":"2024-02-29T12:32:30","slug":"arbeidsrett","status":"publish","type":"page","link":"https:\/\/advjohnsen.no\/index.php\/fagomrader\/arbeidsrett\/","title":{"rendered":"Arbeidsrett"},"content":{"rendered":"\t\t<div data-elementor-type=\"wp-page\" data-elementor-id=\"19992\" class=\"elementor elementor-19992\">\n\t\t\t\t\t\t<section class=\"elementor-section elementor-top-section elementor-element elementor-element-2ab1df1 elementor-section-boxed elementor-section-height-default elementor-section-height-default\" data-id=\"2ab1df1\" data-element_type=\"section\">\n\t\t\t\t\t\t<div class=\"elementor-container elementor-column-gap-default\">\n\t\t\t\t\t<div class=\"elementor-column elementor-col-100 elementor-top-column elementor-element elementor-element-899b75a\" data-id=\"899b75a\" data-element_type=\"column\">\n\t\t\t<div class=\"elementor-widget-wrap elementor-element-populated\">\n\t\t\t\t\t\t<div class=\"elementor-element elementor-element-f46d699 elementor-widget elementor-widget-spacer\" data-id=\"f46d699\" data-element_type=\"widget\" data-widget_type=\"spacer.default\">\n\t\t\t\t<div class=\"elementor-widget-container\">\n\t\t\t<style>\/*! elementor - v3.23.0 - 05-08-2024 *\/\n.elementor-column .elementor-spacer-inner{height:var(--spacer-size)}.e-con{--container-widget-width:100%}.e-con-inner>.elementor-widget-spacer,.e-con>.elementor-widget-spacer{width:var(--container-widget-width,var(--spacer-size));--align-self:var(--container-widget-align-self,initial);--flex-shrink:0}.e-con-inner>.elementor-widget-spacer>.elementor-widget-container,.e-con>.elementor-widget-spacer>.elementor-widget-container{height:100%;width:100%}.e-con-inner>.elementor-widget-spacer>.elementor-widget-container>.elementor-spacer,.e-con>.elementor-widget-spacer>.elementor-widget-container>.elementor-spacer{height:100%}.e-con-inner>.elementor-widget-spacer>.elementor-widget-container>.elementor-spacer>.elementor-spacer-inner,.e-con>.elementor-widget-spacer>.elementor-widget-container>.elementor-spacer>.elementor-spacer-inner{height:var(--container-widget-height,var(--spacer-size))}.e-con-inner>.elementor-widget-spacer.elementor-widget-empty,.e-con>.elementor-widget-spacer.elementor-widget-empty{position:relative;min-height:22px;min-width:22px}.e-con-inner>.elementor-widget-spacer.elementor-widget-empty .elementor-widget-empty-icon,.e-con>.elementor-widget-spacer.elementor-widget-empty .elementor-widget-empty-icon{position:absolute;top:0;bottom:0;left:0;right:0;margin:auto;padding:0;width:22px;height:22px}<\/style>\t\t<div class=\"elementor-spacer\">\n\t\t\t<div class=\"elementor-spacer-inner\"><\/div>\n\t\t<\/div>\n\t\t\t\t<\/div>\n\t\t\t\t<\/div>\n\t\t\t\t<div class=\"elementor-element elementor-element-596a286 elementor-widget elementor-widget-text-editor\" data-id=\"596a286\" data-element_type=\"widget\" data-widget_type=\"text-editor.default\">\n\t\t\t\t<div class=\"elementor-widget-container\">\n\t\t\t<style>\/*! elementor - v3.23.0 - 05-08-2024 *\/\n.elementor-widget-text-editor.elementor-drop-cap-view-stacked .elementor-drop-cap{background-color:#69727d;color:#fff}.elementor-widget-text-editor.elementor-drop-cap-view-framed .elementor-drop-cap{color:#69727d;border:3px solid;background-color:transparent}.elementor-widget-text-editor:not(.elementor-drop-cap-view-default) .elementor-drop-cap{margin-top:8px}.elementor-widget-text-editor:not(.elementor-drop-cap-view-default) .elementor-drop-cap-letter{width:1em;height:1em}.elementor-widget-text-editor .elementor-drop-cap{float:left;text-align:center;line-height:1;font-size:50px}.elementor-widget-text-editor .elementor-drop-cap-letter{display:inline-block}<\/style>\t\t\t\t<p>Advokat Johnsen har prosedyreerfaring for domstolene gjennom en \u00e5rrekke, b\u00e5de n\u00e5r det gjelder oppsigelser, suspensjon og avskjed m.m. Han har kompetanse fra arbeidstakersiden som tillitsvalgt i kommunal- og statlig sektor, og har blant annet v\u00e6rt med p\u00e5 \u00e5 stifte en arbeidstakerforening. Han har kompetanse fra arbeidsgiversiden i ulike lederstillinger, ogs\u00e5 som en del av toppledelsen i et statlig tilsyn \/ direktorat. Han har ivaretatt det arbeidsrettslige i et av landets regionale helseforetak, og i denne forbindelse bist\u00e5tt underliggende helseforetak. Han bist\u00e5r et konsern l\u00f8pende i arbeidsrettslige forhold.<\/p>\t\t\t\t\t\t<\/div>\n\t\t\t\t<\/div>\n\t\t\t\t\t<\/div>\n\t\t<\/div>\n\t\t\t\t\t<\/div>\n\t\t<\/section>\n\t\t\t\t<section class=\"elementor-section elementor-top-section elementor-element elementor-element-2a942f4 elementor-section-boxed elementor-section-height-default elementor-section-height-default\" data-id=\"2a942f4\" data-element_type=\"section\">\n\t\t\t\t\t\t<div class=\"elementor-container elementor-column-gap-default\">\n\t\t\t\t\t<div class=\"elementor-column elementor-col-100 elementor-top-column elementor-element elementor-element-493e4df\" data-id=\"493e4df\" data-element_type=\"column\">\n\t\t\t<div class=\"elementor-widget-wrap elementor-element-populated\">\n\t\t\t\t\t\t<div class=\"elementor-element elementor-element-aa8271d elementor-widget elementor-widget-text-editor\" data-id=\"aa8271d\" data-element_type=\"widget\" data-widget_type=\"text-editor.default\">\n\t\t\t\t<div class=\"elementor-widget-container\">\n\t\t\t\t\t\t\t<p>I de fleste saker f\u00e5r vi resultater gjennom forhandlinger. Alternativt s\u00f8rger vi for avgj\u00f8relser i domstolene.<\/p><p>De senere \u00e5r har vi funnet l\u00f8sninger utenom rettsapparatet i de fleste av sakene. Ett av unntakene var da en arbeidstakerorganisasjon i 2023 ans\u00e5 en oppsigelsessak som tapt. Vi saks\u00f8kte en av landets st\u00f8rste offentlige arbeidsgivere, og oppn\u00e5dde et resultat som arbeidstakerorganisasjonen ikke trodde var mulig.\u00a0<\/p><p>Siden oppstart i \u00e5r 2009 har vi fortsatt til gode \u00e5 tape denne type saker.<\/p><p>I oppsigelses- og avskjedssaker kan du ha krav p\u00e5 fri rettshjelp (alts\u00e5 advokat dekket), dersom du ikke overstiger de fastsatte inntekts- og formuesgrenser.<\/p>\t\t\t\t\t\t<\/div>\n\t\t\t\t<\/div>\n\t\t\t\t<div class=\"elementor-element elementor-element-da567db elementor-widget elementor-widget-spacer\" data-id=\"da567db\" data-element_type=\"widget\" data-widget_type=\"spacer.default\">\n\t\t\t\t<div class=\"elementor-widget-container\">\n\t\t\t\t\t<div class=\"elementor-spacer\">\n\t\t\t<div class=\"elementor-spacer-inner\"><\/div>\n\t\t<\/div>\n\t\t\t\t<\/div>\n\t\t\t\t<\/div>\n\t\t\t\t\t<\/div>\n\t\t<\/div>\n\t\t\t\t\t<\/div>\n\t\t<\/section>\n\t\t\t\t<section class=\"elementor-section elementor-top-section elementor-element elementor-element-54c4dfe elementor-section-boxed elementor-section-height-default elementor-section-height-default\" data-id=\"54c4dfe\" data-element_type=\"section\">\n\t\t\t\t\t\t<div class=\"elementor-container elementor-column-gap-default\">\n\t\t\t\t\t<div class=\"elementor-column elementor-col-100 elementor-top-column elementor-element elementor-element-c7e96a7\" data-id=\"c7e96a7\" data-element_type=\"column\">\n\t\t\t<div class=\"elementor-widget-wrap elementor-element-populated\">\n\t\t\t\t\t\t<div class=\"elementor-element elementor-element-9e82137 align-left elementor-widget elementor-widget-familaw-button\" data-id=\"9e82137\" data-element_type=\"widget\" data-widget_type=\"familaw-button.default\">\n\t\t\t\t<div class=\"elementor-widget-container\">\n\t\t\t\n        <a class=\"familaw-button button-1 icon-right\" href=\"http:\/\/advjohnsen.no\/index.php\/kontakt\/\" >\n                        <span class=\"text\">Kontakt meg <\/span>\n                        \n                            <span class=\"icon\"><i class=\"fe-arrow-right\"><\/i><\/span>\n                    <\/a>\n        \t\t<\/div>\n\t\t\t\t<\/div>\n\t\t\t\t<div class=\"elementor-element elementor-element-f72edad elementor-widget elementor-widget-spacer\" data-id=\"f72edad\" data-element_type=\"widget\" data-widget_type=\"spacer.default\">\n\t\t\t\t<div class=\"elementor-widget-container\">\n\t\t\t\t\t<div class=\"elementor-spacer\">\n\t\t\t<div class=\"elementor-spacer-inner\"><\/div>\n\t\t<\/div>\n\t\t\t\t<\/div>\n\t\t\t\t<\/div>\n\t\t\t\t\t<\/div>\n\t\t<\/div>\n\t\t\t\t\t<\/div>\n\t\t<\/section>\n\t\t\t\t<\/div>\n\t\t","protected":false},"excerpt":{"rendered":"<p>Advokat Johnsen har prosedyreerfaring for domstolene gjennom en \u00e5rrekke, b\u00e5de n\u00e5r det gjelder oppsigelser, suspensjon og avskjed m.m. Han har kompetanse fra arbeidstakersiden som tillitsvalgt i kommunal- og statlig sektor, og har blant annet v\u00e6rt med p\u00e5 \u00e5 stifte en arbeidstakerforening. Han har kompetanse fra arbeidsgiversiden i ulike lederstillinger, ogs\u00e5 som en del av toppledelsen<\/p>\n","protected":false},"author":1,"featured_media":0,"parent":3491,"menu_order":0,"comment_status":"closed","ping_status":"closed","template":"","meta":{"footnotes":""},"class_list":["post-19992","page","type-page","status-publish","hentry"],"_links":{"self":[{"href":"https:\/\/advjohnsen.no\/index.php\/wp-json\/wp\/v2\/pages\/19992","targetHints":{"allow":["GET"]}}],"collection":[{"href":"https:\/\/advjohnsen.no\/index.php\/wp-json\/wp\/v2\/pages"}],"about":[{"href":"https:\/\/advjohnsen.no\/index.php\/wp-json\/wp\/v2\/types\/page"}],"author":[{"embeddable":true,"href":"https:\/\/advjohnsen.no\/index.php\/wp-json\/wp\/v2\/users\/1"}],"replies":[{"embeddable":true,"href":"https:\/\/advjohnsen.no\/index.php\/wp-json\/wp\/v2\/comments?post=19992"}],"version-history":[{"count":10,"href":"https:\/\/advjohnsen.no\/index.php\/wp-json\/wp\/v2\/pages\/19992\/revisions"}],"predecessor-version":[{"id":20002,"href":"https:\/\/advjohnsen.no\/index.php\/wp-json\/wp\/v2\/pages\/19992\/revisions\/20002"}],"up":[{"embeddable":true,"href":"https:\/\/advjohnsen.no\/index.php\/wp-json\/wp\/v2\/pages\/3491"}],"wp:attachment":[{"href":"https:\/\/advjohnsen.no\/index.php\/wp-json\/wp\/v2\/media?parent=19992"}],"curies":[{"name":"wp","href":"https:\/\/api.w.org\/{rel}","templated":true}]}}