{"id":20050,"date":"2024-02-29T12:59:23","date_gmt":"2024-02-29T12:59:23","guid":{"rendered":"https:\/\/advjohnsen.no\/?page_id=20050"},"modified":"2024-02-29T12:59:24","modified_gmt":"2024-02-29T12:59:24","slug":"nav-trygderett","status":"publish","type":"page","link":"https:\/\/advjohnsen.no\/index.php\/fagomrader\/nav-trygderett\/","title":{"rendered":"NAV &#8211; Trygderett"},"content":{"rendered":"\t\t<div data-elementor-type=\"wp-page\" data-elementor-id=\"20050\" class=\"elementor elementor-20050\">\n\t\t\t\t\t\t<section class=\"elementor-section elementor-top-section elementor-element elementor-element-2ab1df1 elementor-section-boxed elementor-section-height-default elementor-section-height-default\" data-id=\"2ab1df1\" data-element_type=\"section\">\n\t\t\t\t\t\t<div class=\"elementor-container elementor-column-gap-default\">\n\t\t\t\t\t<div class=\"elementor-column elementor-col-100 elementor-top-column elementor-element elementor-element-899b75a\" data-id=\"899b75a\" data-element_type=\"column\">\n\t\t\t<div class=\"elementor-widget-wrap elementor-element-populated\">\n\t\t\t\t\t\t<div class=\"elementor-element elementor-element-f46d699 elementor-widget elementor-widget-spacer\" data-id=\"f46d699\" data-element_type=\"widget\" data-widget_type=\"spacer.default\">\n\t\t\t\t<div class=\"elementor-widget-container\">\n\t\t\t<style>\/*! elementor - v3.23.0 - 05-08-2024 *\/\n.elementor-column .elementor-spacer-inner{height:var(--spacer-size)}.e-con{--container-widget-width:100%}.e-con-inner>.elementor-widget-spacer,.e-con>.elementor-widget-spacer{width:var(--container-widget-width,var(--spacer-size));--align-self:var(--container-widget-align-self,initial);--flex-shrink:0}.e-con-inner>.elementor-widget-spacer>.elementor-widget-container,.e-con>.elementor-widget-spacer>.elementor-widget-container{height:100%;width:100%}.e-con-inner>.elementor-widget-spacer>.elementor-widget-container>.elementor-spacer,.e-con>.elementor-widget-spacer>.elementor-widget-container>.elementor-spacer{height:100%}.e-con-inner>.elementor-widget-spacer>.elementor-widget-container>.elementor-spacer>.elementor-spacer-inner,.e-con>.elementor-widget-spacer>.elementor-widget-container>.elementor-spacer>.elementor-spacer-inner{height:var(--container-widget-height,var(--spacer-size))}.e-con-inner>.elementor-widget-spacer.elementor-widget-empty,.e-con>.elementor-widget-spacer.elementor-widget-empty{position:relative;min-height:22px;min-width:22px}.e-con-inner>.elementor-widget-spacer.elementor-widget-empty .elementor-widget-empty-icon,.e-con>.elementor-widget-spacer.elementor-widget-empty .elementor-widget-empty-icon{position:absolute;top:0;bottom:0;left:0;right:0;margin:auto;padding:0;width:22px;height:22px}<\/style>\t\t<div class=\"elementor-spacer\">\n\t\t\t<div class=\"elementor-spacer-inner\"><\/div>\n\t\t<\/div>\n\t\t\t\t<\/div>\n\t\t\t\t<\/div>\n\t\t\t\t<div class=\"elementor-element elementor-element-596a286 elementor-widget elementor-widget-text-editor\" data-id=\"596a286\" data-element_type=\"widget\" data-widget_type=\"text-editor.default\">\n\t\t\t\t<div class=\"elementor-widget-container\">\n\t\t\t<style>\/*! elementor - v3.23.0 - 05-08-2024 *\/\n.elementor-widget-text-editor.elementor-drop-cap-view-stacked .elementor-drop-cap{background-color:#69727d;color:#fff}.elementor-widget-text-editor.elementor-drop-cap-view-framed .elementor-drop-cap{color:#69727d;border:3px solid;background-color:transparent}.elementor-widget-text-editor:not(.elementor-drop-cap-view-default) .elementor-drop-cap{margin-top:8px}.elementor-widget-text-editor:not(.elementor-drop-cap-view-default) .elementor-drop-cap-letter{width:1em;height:1em}.elementor-widget-text-editor .elementor-drop-cap{float:left;text-align:center;line-height:1;font-size:50px}.elementor-widget-text-editor .elementor-drop-cap-letter{display:inline-block}<\/style>\t\t\t\t<p>Advokat Johnsen har hatt en rekke saker for NAV Klageinstans, Trygderetten og domstolene. Dette gjelder blant annet uf\u00f8retrygd, arbeidsavklaringspenger og sykepenger.<\/p><p><br \/>Vedtak om sosiale tjenester kan man f\u00e5 overpr\u00f8vd hos Statsforvalteren.<\/p>\t\t\t\t\t\t<\/div>\n\t\t\t\t<\/div>\n\t\t\t\t\t<\/div>\n\t\t<\/div>\n\t\t\t\t\t<\/div>\n\t\t<\/section>\n\t\t\t\t<section class=\"elementor-section elementor-top-section elementor-element elementor-element-2a942f4 elementor-section-boxed elementor-section-height-default elementor-section-height-default\" data-id=\"2a942f4\" data-element_type=\"section\">\n\t\t\t\t\t\t<div class=\"elementor-container elementor-column-gap-default\">\n\t\t\t\t\t<div class=\"elementor-column elementor-col-100 elementor-top-column elementor-element elementor-element-493e4df\" data-id=\"493e4df\" data-element_type=\"column\">\n\t\t\t<div class=\"elementor-widget-wrap elementor-element-populated\">\n\t\t\t\t\t\t<div class=\"elementor-element elementor-element-aa8271d elementor-widget elementor-widget-text-editor\" data-id=\"aa8271d\" data-element_type=\"widget\" data-widget_type=\"text-editor.default\">\n\t\t\t\t<div class=\"elementor-widget-container\">\n\t\t\t\t\t\t\t<p>Siden oppstart i 2009 har vi vunnet frem i om lag 80 % av disse sakene &#8211; enten ved overpr\u00f8ving eller omgj\u00f8ring etter klage. Landsdekkende statistikk viser at under halvparten av brukerne vinner frem gjennom klagebehandling i NAV &#8211; og enda f\u00e6rre i Trygderetten.<\/p><p><br \/>I klagesaker p\u00e5 NAV-vedtak kan du ha krav p\u00e5 fri rettshjelp (alts\u00e5 advokat dekket), dersom du ikke overstiger de fastsatte inntekts- og formuesgrenser. Dette kan vi snakkes n\u00e6rmere om. Vinner du saken, s\u00e5 er den klare hovedregel at det offentlige m\u00e5 dekke dine advokatutgifter.<\/p>\t\t\t\t\t\t<\/div>\n\t\t\t\t<\/div>\n\t\t\t\t<div class=\"elementor-element elementor-element-da567db elementor-widget elementor-widget-spacer\" data-id=\"da567db\" data-element_type=\"widget\" data-widget_type=\"spacer.default\">\n\t\t\t\t<div class=\"elementor-widget-container\">\n\t\t\t\t\t<div class=\"elementor-spacer\">\n\t\t\t<div class=\"elementor-spacer-inner\"><\/div>\n\t\t<\/div>\n\t\t\t\t<\/div>\n\t\t\t\t<\/div>\n\t\t\t\t\t<\/div>\n\t\t<\/div>\n\t\t\t\t\t<\/div>\n\t\t<\/section>\n\t\t\t\t<section class=\"elementor-section elementor-top-section elementor-element elementor-element-54c4dfe elementor-section-boxed elementor-section-height-default elementor-section-height-default\" data-id=\"54c4dfe\" data-element_type=\"section\">\n\t\t\t\t\t\t<div class=\"elementor-container elementor-column-gap-default\">\n\t\t\t\t\t<div class=\"elementor-column elementor-col-100 elementor-top-column elementor-element elementor-element-c7e96a7\" data-id=\"c7e96a7\" data-element_type=\"column\">\n\t\t\t<div class=\"elementor-widget-wrap elementor-element-populated\">\n\t\t\t\t\t\t<div class=\"elementor-element elementor-element-9e82137 align-left elementor-widget elementor-widget-familaw-button\" data-id=\"9e82137\" data-element_type=\"widget\" data-widget_type=\"familaw-button.default\">\n\t\t\t\t<div class=\"elementor-widget-container\">\n\t\t\t\n        <a class=\"familaw-button button-1 icon-right\" href=\"http:\/\/advjohnsen.no\/index.php\/kontakt\/\" >\n                        <span class=\"text\">Kontakt meg <\/span>\n                        \n                            <span class=\"icon\"><i class=\"fe-arrow-right\"><\/i><\/span>\n                    <\/a>\n        \t\t<\/div>\n\t\t\t\t<\/div>\n\t\t\t\t<div class=\"elementor-element elementor-element-f72edad elementor-widget elementor-widget-spacer\" data-id=\"f72edad\" data-element_type=\"widget\" data-widget_type=\"spacer.default\">\n\t\t\t\t<div class=\"elementor-widget-container\">\n\t\t\t\t\t<div class=\"elementor-spacer\">\n\t\t\t<div class=\"elementor-spacer-inner\"><\/div>\n\t\t<\/div>\n\t\t\t\t<\/div>\n\t\t\t\t<\/div>\n\t\t\t\t\t<\/div>\n\t\t<\/div>\n\t\t\t\t\t<\/div>\n\t\t<\/section>\n\t\t\t\t<\/div>\n\t\t","protected":false},"excerpt":{"rendered":"<p>Advokat Johnsen har hatt en rekke saker for NAV Klageinstans, Trygderetten og domstolene. Dette gjelder blant annet uf\u00f8retrygd, arbeidsavklaringspenger og sykepenger. Vedtak om sosiale tjenester kan man f\u00e5 overpr\u00f8vd hos Statsforvalteren. Siden oppstart i 2009 har vi vunnet frem i om lag 80 % av disse sakene &#8211; enten ved overpr\u00f8ving eller omgj\u00f8ring etter klage.<\/p>\n","protected":false},"author":1,"featured_media":0,"parent":3491,"menu_order":0,"comment_status":"closed","ping_status":"closed","template":"","meta":{"footnotes":""},"class_list":["post-20050","page","type-page","status-publish","hentry"],"_links":{"self":[{"href":"https:\/\/advjohnsen.no\/index.php\/wp-json\/wp\/v2\/pages\/20050","targetHints":{"allow":["GET"]}}],"collection":[{"href":"https:\/\/advjohnsen.no\/index.php\/wp-json\/wp\/v2\/pages"}],"about":[{"href":"https:\/\/advjohnsen.no\/index.php\/wp-json\/wp\/v2\/types\/page"}],"author":[{"embeddable":true,"href":"https:\/\/advjohnsen.no\/index.php\/wp-json\/wp\/v2\/users\/1"}],"replies":[{"embeddable":true,"href":"https:\/\/advjohnsen.no\/index.php\/wp-json\/wp\/v2\/comments?post=20050"}],"version-history":[{"count":4,"href":"https:\/\/advjohnsen.no\/index.php\/wp-json\/wp\/v2\/pages\/20050\/revisions"}],"predecessor-version":[{"id":20054,"href":"https:\/\/advjohnsen.no\/index.php\/wp-json\/wp\/v2\/pages\/20050\/revisions\/20054"}],"up":[{"embeddable":true,"href":"https:\/\/advjohnsen.no\/index.php\/wp-json\/wp\/v2\/pages\/3491"}],"wp:attachment":[{"href":"https:\/\/advjohnsen.no\/index.php\/wp-json\/wp\/v2\/media?parent=20050"}],"curies":[{"name":"wp","href":"https:\/\/api.w.org\/{rel}","templated":true}]}}