{"id":20074,"date":"2024-02-29T13:02:32","date_gmt":"2024-02-29T13:02:32","guid":{"rendered":"https:\/\/advjohnsen.no\/?page_id=20074"},"modified":"2024-02-29T13:02:38","modified_gmt":"2024-02-29T13:02:38","slug":"kontrakter-og-anskaffelser","status":"publish","type":"page","link":"https:\/\/advjohnsen.no\/index.php\/fagomrader\/kontrakter-og-anskaffelser\/","title":{"rendered":"Kontrakter og anskaffelser"},"content":{"rendered":"\t\t<div data-elementor-type=\"wp-page\" data-elementor-id=\"20074\" class=\"elementor elementor-20074\">\n\t\t\t\t\t\t<section class=\"elementor-section elementor-top-section elementor-element elementor-element-2ab1df1 elementor-section-boxed elementor-section-height-default elementor-section-height-default\" data-id=\"2ab1df1\" data-element_type=\"section\">\n\t\t\t\t\t\t<div class=\"elementor-container elementor-column-gap-default\">\n\t\t\t\t\t<div class=\"elementor-column elementor-col-100 elementor-top-column elementor-element elementor-element-899b75a\" data-id=\"899b75a\" data-element_type=\"column\">\n\t\t\t<div class=\"elementor-widget-wrap elementor-element-populated\">\n\t\t\t\t\t\t<div class=\"elementor-element elementor-element-f46d699 elementor-widget elementor-widget-spacer\" data-id=\"f46d699\" data-element_type=\"widget\" data-widget_type=\"spacer.default\">\n\t\t\t\t<div class=\"elementor-widget-container\">\n\t\t\t<style>\/*! elementor - v3.23.0 - 05-08-2024 *\/\n.elementor-column .elementor-spacer-inner{height:var(--spacer-size)}.e-con{--container-widget-width:100%}.e-con-inner>.elementor-widget-spacer,.e-con>.elementor-widget-spacer{width:var(--container-widget-width,var(--spacer-size));--align-self:var(--container-widget-align-self,initial);--flex-shrink:0}.e-con-inner>.elementor-widget-spacer>.elementor-widget-container,.e-con>.elementor-widget-spacer>.elementor-widget-container{height:100%;width:100%}.e-con-inner>.elementor-widget-spacer>.elementor-widget-container>.elementor-spacer,.e-con>.elementor-widget-spacer>.elementor-widget-container>.elementor-spacer{height:100%}.e-con-inner>.elementor-widget-spacer>.elementor-widget-container>.elementor-spacer>.elementor-spacer-inner,.e-con>.elementor-widget-spacer>.elementor-widget-container>.elementor-spacer>.elementor-spacer-inner{height:var(--container-widget-height,var(--spacer-size))}.e-con-inner>.elementor-widget-spacer.elementor-widget-empty,.e-con>.elementor-widget-spacer.elementor-widget-empty{position:relative;min-height:22px;min-width:22px}.e-con-inner>.elementor-widget-spacer.elementor-widget-empty .elementor-widget-empty-icon,.e-con>.elementor-widget-spacer.elementor-widget-empty .elementor-widget-empty-icon{position:absolute;top:0;bottom:0;left:0;right:0;margin:auto;padding:0;width:22px;height:22px}<\/style>\t\t<div class=\"elementor-spacer\">\n\t\t\t<div class=\"elementor-spacer-inner\"><\/div>\n\t\t<\/div>\n\t\t\t\t<\/div>\n\t\t\t\t<\/div>\n\t\t\t\t<div class=\"elementor-element elementor-element-596a286 elementor-widget elementor-widget-text-editor\" data-id=\"596a286\" data-element_type=\"widget\" data-widget_type=\"text-editor.default\">\n\t\t\t\t<div class=\"elementor-widget-container\">\n\t\t\t<style>\/*! elementor - v3.23.0 - 05-08-2024 *\/\n.elementor-widget-text-editor.elementor-drop-cap-view-stacked .elementor-drop-cap{background-color:#69727d;color:#fff}.elementor-widget-text-editor.elementor-drop-cap-view-framed .elementor-drop-cap{color:#69727d;border:3px solid;background-color:transparent}.elementor-widget-text-editor:not(.elementor-drop-cap-view-default) .elementor-drop-cap{margin-top:8px}.elementor-widget-text-editor:not(.elementor-drop-cap-view-default) .elementor-drop-cap-letter{width:1em;height:1em}.elementor-widget-text-editor .elementor-drop-cap{float:left;text-align:center;line-height:1;font-size:50px}.elementor-widget-text-editor .elementor-drop-cap-letter{display:inline-block}<\/style>\t\t\t\t<p>Advokat Johnsen har utformet, gjennomf\u00f8rt og kvalitetssikret omfattende anskaffelser og kontrakter. Det kan v\u00e6re snakk om store verdier, og advokatbistand kan v\u00e6re en meget god investering.<\/p><p>Advokaten Johnsen bist\u00e5r l\u00f8pende et konsern med ulike kontraktsforhold.<\/p><p><br \/>Husk at en avtale \/ kontrakt vanligvis er noe mer enn selve kontraktsteksten. Bilag, henvisninger og tekst i sm\u00e5 skrift m.m. kan v\u00e6re avgj\u00f8rende for dine rettigheter.<\/p>\t\t\t\t\t\t<\/div>\n\t\t\t\t<\/div>\n\t\t\t\t\t<\/div>\n\t\t<\/div>\n\t\t\t\t\t<\/div>\n\t\t<\/section>\n\t\t\t\t<section class=\"elementor-section elementor-top-section elementor-element elementor-element-54c4dfe elementor-section-boxed elementor-section-height-default elementor-section-height-default\" data-id=\"54c4dfe\" data-element_type=\"section\">\n\t\t\t\t\t\t<div class=\"elementor-container elementor-column-gap-default\">\n\t\t\t\t\t<div class=\"elementor-column elementor-col-100 elementor-top-column elementor-element elementor-element-c7e96a7\" data-id=\"c7e96a7\" data-element_type=\"column\">\n\t\t\t<div class=\"elementor-widget-wrap elementor-element-populated\">\n\t\t\t\t\t\t<div class=\"elementor-element elementor-element-bcd53b2 elementor-widget elementor-widget-spacer\" data-id=\"bcd53b2\" data-element_type=\"widget\" data-widget_type=\"spacer.default\">\n\t\t\t\t<div class=\"elementor-widget-container\">\n\t\t\t\t\t<div class=\"elementor-spacer\">\n\t\t\t<div class=\"elementor-spacer-inner\"><\/div>\n\t\t<\/div>\n\t\t\t\t<\/div>\n\t\t\t\t<\/div>\n\t\t\t\t<div class=\"elementor-element elementor-element-9e82137 align-left elementor-widget elementor-widget-familaw-button\" data-id=\"9e82137\" data-element_type=\"widget\" data-widget_type=\"familaw-button.default\">\n\t\t\t\t<div class=\"elementor-widget-container\">\n\t\t\t\n        <a class=\"familaw-button button-1 icon-right\" href=\"http:\/\/advjohnsen.no\/index.php\/kontakt\/\" >\n                        <span class=\"text\">Kontakt meg <\/span>\n                        \n                            <span class=\"icon\"><i class=\"fe-arrow-right\"><\/i><\/span>\n                    <\/a>\n        \t\t<\/div>\n\t\t\t\t<\/div>\n\t\t\t\t<div class=\"elementor-element elementor-element-f72edad elementor-widget elementor-widget-spacer\" data-id=\"f72edad\" data-element_type=\"widget\" data-widget_type=\"spacer.default\">\n\t\t\t\t<div class=\"elementor-widget-container\">\n\t\t\t\t\t<div class=\"elementor-spacer\">\n\t\t\t<div class=\"elementor-spacer-inner\"><\/div>\n\t\t<\/div>\n\t\t\t\t<\/div>\n\t\t\t\t<\/div>\n\t\t\t\t\t<\/div>\n\t\t<\/div>\n\t\t\t\t\t<\/div>\n\t\t<\/section>\n\t\t\t\t<\/div>\n\t\t","protected":false},"excerpt":{"rendered":"<p>Advokat Johnsen har utformet, gjennomf\u00f8rt og kvalitetssikret omfattende anskaffelser og kontrakter. Det kan v\u00e6re snakk om store verdier, og advokatbistand kan v\u00e6re en meget god investering. Advokaten Johnsen bist\u00e5r l\u00f8pende et konsern med ulike kontraktsforhold. Husk at en avtale \/ kontrakt vanligvis er noe mer enn selve kontraktsteksten. Bilag, henvisninger og tekst i sm\u00e5 skrift<\/p>\n","protected":false},"author":1,"featured_media":0,"parent":3491,"menu_order":0,"comment_status":"closed","ping_status":"closed","template":"","meta":{"footnotes":""},"class_list":["post-20074","page","type-page","status-publish","hentry"],"_links":{"self":[{"href":"https:\/\/advjohnsen.no\/index.php\/wp-json\/wp\/v2\/pages\/20074","targetHints":{"allow":["GET"]}}],"collection":[{"href":"https:\/\/advjohnsen.no\/index.php\/wp-json\/wp\/v2\/pages"}],"about":[{"href":"https:\/\/advjohnsen.no\/index.php\/wp-json\/wp\/v2\/types\/page"}],"author":[{"embeddable":true,"href":"https:\/\/advjohnsen.no\/index.php\/wp-json\/wp\/v2\/users\/1"}],"replies":[{"embeddable":true,"href":"https:\/\/advjohnsen.no\/index.php\/wp-json\/wp\/v2\/comments?post=20074"}],"version-history":[{"count":7,"href":"https:\/\/advjohnsen.no\/index.php\/wp-json\/wp\/v2\/pages\/20074\/revisions"}],"predecessor-version":[{"id":20081,"href":"https:\/\/advjohnsen.no\/index.php\/wp-json\/wp\/v2\/pages\/20074\/revisions\/20081"}],"up":[{"embeddable":true,"href":"https:\/\/advjohnsen.no\/index.php\/wp-json\/wp\/v2\/pages\/3491"}],"wp:attachment":[{"href":"https:\/\/advjohnsen.no\/index.php\/wp-json\/wp\/v2\/media?parent=20074"}],"curies":[{"name":"wp","href":"https:\/\/api.w.org\/{rel}","templated":true}]}}