{"id":20094,"date":"2024-04-03T12:13:29","date_gmt":"2024-04-03T12:13:29","guid":{"rendered":"https:\/\/advjohnsen.no\/?page_id=20094"},"modified":"2024-04-11T10:30:45","modified_gmt":"2024-04-11T10:30:45","slug":"arv-og-skifte","status":"publish","type":"page","link":"https:\/\/advjohnsen.no\/index.php\/fagomrader\/arv-og-skifte\/","title":{"rendered":"Arv og skifte"},"content":{"rendered":"\t\t<div data-elementor-type=\"wp-page\" data-elementor-id=\"20094\" class=\"elementor elementor-20094\">\n\t\t\t\t\t\t<section class=\"elementor-section elementor-top-section elementor-element elementor-element-2ab1df1 elementor-section-boxed elementor-section-height-default elementor-section-height-default\" data-id=\"2ab1df1\" data-element_type=\"section\">\n\t\t\t\t\t\t<div class=\"elementor-container elementor-column-gap-default\">\n\t\t\t\t\t<div class=\"elementor-column elementor-col-100 elementor-top-column elementor-element elementor-element-899b75a\" data-id=\"899b75a\" data-element_type=\"column\">\n\t\t\t<div class=\"elementor-widget-wrap elementor-element-populated\">\n\t\t\t\t\t\t<div class=\"elementor-element elementor-element-f46d699 elementor-widget elementor-widget-spacer\" data-id=\"f46d699\" data-element_type=\"widget\" data-widget_type=\"spacer.default\">\n\t\t\t\t<div class=\"elementor-widget-container\">\n\t\t\t<style>\/*! elementor - v3.23.0 - 05-08-2024 *\/\n.elementor-column .elementor-spacer-inner{height:var(--spacer-size)}.e-con{--container-widget-width:100%}.e-con-inner>.elementor-widget-spacer,.e-con>.elementor-widget-spacer{width:var(--container-widget-width,var(--spacer-size));--align-self:var(--container-widget-align-self,initial);--flex-shrink:0}.e-con-inner>.elementor-widget-spacer>.elementor-widget-container,.e-con>.elementor-widget-spacer>.elementor-widget-container{height:100%;width:100%}.e-con-inner>.elementor-widget-spacer>.elementor-widget-container>.elementor-spacer,.e-con>.elementor-widget-spacer>.elementor-widget-container>.elementor-spacer{height:100%}.e-con-inner>.elementor-widget-spacer>.elementor-widget-container>.elementor-spacer>.elementor-spacer-inner,.e-con>.elementor-widget-spacer>.elementor-widget-container>.elementor-spacer>.elementor-spacer-inner{height:var(--container-widget-height,var(--spacer-size))}.e-con-inner>.elementor-widget-spacer.elementor-widget-empty,.e-con>.elementor-widget-spacer.elementor-widget-empty{position:relative;min-height:22px;min-width:22px}.e-con-inner>.elementor-widget-spacer.elementor-widget-empty .elementor-widget-empty-icon,.e-con>.elementor-widget-spacer.elementor-widget-empty .elementor-widget-empty-icon{position:absolute;top:0;bottom:0;left:0;right:0;margin:auto;padding:0;width:22px;height:22px}<\/style>\t\t<div class=\"elementor-spacer\">\n\t\t\t<div class=\"elementor-spacer-inner\"><\/div>\n\t\t<\/div>\n\t\t\t\t<\/div>\n\t\t\t\t<\/div>\n\t\t\t\t<div class=\"elementor-element elementor-element-596a286 elementor-widget elementor-widget-text-editor\" data-id=\"596a286\" data-element_type=\"widget\" data-widget_type=\"text-editor.default\">\n\t\t\t\t<div class=\"elementor-widget-container\">\n\t\t\t<style>\/*! elementor - v3.23.0 - 05-08-2024 *\/\n.elementor-widget-text-editor.elementor-drop-cap-view-stacked .elementor-drop-cap{background-color:#69727d;color:#fff}.elementor-widget-text-editor.elementor-drop-cap-view-framed .elementor-drop-cap{color:#69727d;border:3px solid;background-color:transparent}.elementor-widget-text-editor:not(.elementor-drop-cap-view-default) .elementor-drop-cap{margin-top:8px}.elementor-widget-text-editor:not(.elementor-drop-cap-view-default) .elementor-drop-cap-letter{width:1em;height:1em}.elementor-widget-text-editor .elementor-drop-cap{float:left;text-align:center;line-height:1;font-size:50px}.elementor-widget-text-editor .elementor-drop-cap-letter{display:inline-block}<\/style>\t\t\t\t<p>Med en kombinasjon av lang erfaring, dyptg\u00e5ende kunnskap og en lidenskap for \u00e5 sikre klientenes rettigheter, er vi klare til \u00e5 veilede deg gjennom enhver juridisk utfordring du m\u00e5tte st\u00e5 overfor p\u00e5 dette feltet.<\/p><p>Arv og skifte er et omr\u00e5de som ofte involverer f\u00f8lelser og komplekse familiedynamikker. V\u00e5r tiln\u00e6rming er alltid \u00e5 finne l\u00f8sninger som ivaretar klientens interesser p\u00e5 best mulig m\u00e5te, samtidig som vi s\u00f8ker \u00e5 minimere konfliktniv\u00e5et og fremme en konstruktiv dialog mellom alle parter.<\/p><p>Vi har solid kompetanse innen alle aspekter av arverett og skifterett. Dette inkluderer alt fra opprettelse av testamenter og arvepakter til behandling av arveoppgj\u00f8r og fordeling av eiendeler. Vi kan ogs\u00e5 hjelpe deg med \u00e5 navigere gjennom kompliserte juridiske sp\u00f8rsm\u00e5l knyttet til s\u00e6rkullsbarn, testamentariske disposisjoner og arverettigheter.<\/p><p>En av de viktigste tjenestene vi tilbyr, er bistand ved skifte etter samlivsbrudd. Dette kan v\u00e6re en sv\u00e6rt utfordrende og f\u00f8lelsesladet prosess, og det er avgj\u00f8rende \u00e5 ha en erfaren advokat ved din side for \u00e5 sikre at dine \u00f8konomiske interesser blir ivaretatt p\u00e5 en rettferdig m\u00e5te. V\u00e5r m\u00e5lsetning er alltid \u00e5 oppn\u00e5 enighet mellom partene uten behov for rettssak, men hvis n\u00f8dvendig er vi klare til \u00e5 representere deg i retten for \u00e5 sikre dine rettigheter.<\/p><p>Vi vet at hvert tilfelle er unikt, og vi tar oss tid til \u00e5 lytte til dine behov og m\u00e5l f\u00f8r vi utformer en skreddersydd strategi som passer best for deg. V\u00e5r tiln\u00e6rming er alltid \u00e5 v\u00e6re tilgjengelige og im\u00f8tekommende, og vi jobber tett med deg gjennom hele prosessen for \u00e5 sikre at du f\u00f8ler deg trygg og godt ivaretatt.<\/p><p>Det er viktig \u00e5 merke seg at arv og skifte kan v\u00e6re en komplisert juridisk prosess som ofte involverer flere parter med motstridende interesser. Derfor er det avgj\u00f8rende \u00e5 ha en erfaren advokat med deg som kan veilede deg gjennom alle trinnene i prosessen og sikre at dine rettigheter blir ivaretatt p\u00e5 best mulig m\u00e5te.<\/p><p>Uansett om du trenger hjelp med \u00e5 opprette et testament, behandle et arveoppgj\u00f8r eller l\u00f8se en tvist knyttet til arv eller skifte, kan du stole p\u00e5 Advokatfirmaet Jens Eirik Johnsen for profesjonell og p\u00e5litelig bistand. Vi er her for \u00e5 hjelpe deg med \u00e5 navigere gjennom alle juridiske utfordringer du m\u00e5tte m\u00f8te p\u00e5 dette feltet, og vi vil g\u00e5 den ekstra milen for \u00e5 sikre at du oppn\u00e5r de beste resultatene mulig.<\/p>\t\t\t\t\t\t<\/div>\n\t\t\t\t<\/div>\n\t\t\t\t\t<\/div>\n\t\t<\/div>\n\t\t\t\t\t<\/div>\n\t\t<\/section>\n\t\t\t\t<section class=\"elementor-section elementor-top-section elementor-element elementor-element-54c4dfe elementor-section-boxed elementor-section-height-default elementor-section-height-default\" data-id=\"54c4dfe\" data-element_type=\"section\">\n\t\t\t\t\t\t<div class=\"elementor-container elementor-column-gap-default\">\n\t\t\t\t\t<div class=\"elementor-column elementor-col-100 elementor-top-column elementor-element elementor-element-c7e96a7\" data-id=\"c7e96a7\" data-element_type=\"column\">\n\t\t\t<div class=\"elementor-widget-wrap elementor-element-populated\">\n\t\t\t\t\t\t<div class=\"elementor-element elementor-element-bcd53b2 elementor-widget elementor-widget-spacer\" data-id=\"bcd53b2\" data-element_type=\"widget\" data-widget_type=\"spacer.default\">\n\t\t\t\t<div class=\"elementor-widget-container\">\n\t\t\t\t\t<div class=\"elementor-spacer\">\n\t\t\t<div class=\"elementor-spacer-inner\"><\/div>\n\t\t<\/div>\n\t\t\t\t<\/div>\n\t\t\t\t<\/div>\n\t\t\t\t<div class=\"elementor-element elementor-element-9e82137 align-left elementor-widget elementor-widget-familaw-button\" data-id=\"9e82137\" data-element_type=\"widget\" data-widget_type=\"familaw-button.default\">\n\t\t\t\t<div class=\"elementor-widget-container\">\n\t\t\t\n        <a class=\"familaw-button button-1 icon-right\" href=\"http:\/\/advjohnsen.no\/index.php\/kontakt\/\" >\n                        <span class=\"text\">Kontakt meg <\/span>\n                        \n                            <span class=\"icon\"><i class=\"fe-arrow-right\"><\/i><\/span>\n                    <\/a>\n        \t\t<\/div>\n\t\t\t\t<\/div>\n\t\t\t\t<div class=\"elementor-element elementor-element-f72edad elementor-widget elementor-widget-spacer\" data-id=\"f72edad\" data-element_type=\"widget\" data-widget_type=\"spacer.default\">\n\t\t\t\t<div class=\"elementor-widget-container\">\n\t\t\t\t\t<div class=\"elementor-spacer\">\n\t\t\t<div class=\"elementor-spacer-inner\"><\/div>\n\t\t<\/div>\n\t\t\t\t<\/div>\n\t\t\t\t<\/div>\n\t\t\t\t\t<\/div>\n\t\t<\/div>\n\t\t\t\t\t<\/div>\n\t\t<\/section>\n\t\t\t\t<\/div>\n\t\t","protected":false},"excerpt":{"rendered":"<p>Med en kombinasjon av lang erfaring, dyptg\u00e5ende kunnskap og en lidenskap for \u00e5 sikre klientenes rettigheter, er vi klare til \u00e5 veilede deg gjennom enhver juridisk utfordring du m\u00e5tte st\u00e5 overfor p\u00e5 dette feltet. Arv og skifte er et omr\u00e5de som ofte involverer f\u00f8lelser og komplekse familiedynamikker. V\u00e5r tiln\u00e6rming er alltid \u00e5 finne l\u00f8sninger som<\/p>\n","protected":false},"author":1,"featured_media":0,"parent":3491,"menu_order":0,"comment_status":"closed","ping_status":"closed","template":"","meta":{"footnotes":""},"class_list":["post-20094","page","type-page","status-publish","hentry"],"_links":{"self":[{"href":"https:\/\/advjohnsen.no\/index.php\/wp-json\/wp\/v2\/pages\/20094","targetHints":{"allow":["GET"]}}],"collection":[{"href":"https:\/\/advjohnsen.no\/index.php\/wp-json\/wp\/v2\/pages"}],"about":[{"href":"https:\/\/advjohnsen.no\/index.php\/wp-json\/wp\/v2\/types\/page"}],"author":[{"embeddable":true,"href":"https:\/\/advjohnsen.no\/index.php\/wp-json\/wp\/v2\/users\/1"}],"replies":[{"embeddable":true,"href":"https:\/\/advjohnsen.no\/index.php\/wp-json\/wp\/v2\/comments?post=20094"}],"version-history":[{"count":7,"href":"https:\/\/advjohnsen.no\/index.php\/wp-json\/wp\/v2\/pages\/20094\/revisions"}],"predecessor-version":[{"id":20205,"href":"https:\/\/advjohnsen.no\/index.php\/wp-json\/wp\/v2\/pages\/20094\/revisions\/20205"}],"up":[{"embeddable":true,"href":"https:\/\/advjohnsen.no\/index.php\/wp-json\/wp\/v2\/pages\/3491"}],"wp:attachment":[{"href":"https:\/\/advjohnsen.no\/index.php\/wp-json\/wp\/v2\/media?parent=20094"}],"curies":[{"name":"wp","href":"https:\/\/api.w.org\/{rel}","templated":true}]}}